{"id":50,"date":"2019-10-08T10:46:19","date_gmt":"2019-10-08T13:46:19","guid":{"rendered":"http:\/\/www.auapsi.edu.ar\/?page_id=50"},"modified":"2022-08-29T10:02:25","modified_gmt":"2022-08-29T13:02:25","slug":"documentos","status":"publish","type":"page","link":"https:\/\/www.auapsi.edu.ar\/?page_id=50","title":{"rendered":"Documentos"},"content":{"rendered":"\n<p><a href=\"\/wp-content\/uploads\/2022\/08\/PROPUESTA-AUAPSI-2022.pdf\">Propuesta para la normativa de Regulaci\u00f3n de las Carreras de Licenciatura en Psicolog\u00eda en el marco de lo establecido en la Ley de Educaci\u00f3n Superior (Ley N\u00b0 2452\/95)<\/a>  <img loading=\"lazy\" decoding=\"async\" width=\"36\" height=\"36\" class=\"wp-image-104\" style=\"width: 36px;\" src=\"http:\/\/www.auapsi.edu.ar\/wp-content\/uploads\/2019\/10\/pdf.png\" alt=\"\" srcset=\"https:\/\/www.auapsi.edu.ar\/wp-content\/uploads\/2019\/10\/pdf.png 128w, https:\/\/www.auapsi.edu.ar\/wp-content\/uploads\/2019\/10\/pdf-100x100.png 100w\" sizes=\"auto, (max-width: 36px) 100vw, 36px\" \/><\/p>\n\n\n\n<p><a href=\"http:\/\/www.auapsi.edu.ar\/wp-content\/uploads\/2020\/09\/declaracion_auapsi_acciones_septiembre_2020.pdf\" target=\"_blank\" rel=\"noreferrer noopener\">Declaraci\u00f3n y repudio a las acciones que pongan en peligro las instituciones democr\u00e1ticas<\/a>  <img loading=\"lazy\" decoding=\"async\" width=\"36\" height=\"36\" class=\"wp-image-104\" style=\"width: 36px;\" src=\"http:\/\/www.auapsi.edu.ar\/wp-content\/uploads\/2019\/10\/pdf.png\" alt=\"\" srcset=\"https:\/\/www.auapsi.edu.ar\/wp-content\/uploads\/2019\/10\/pdf.png 128w, https:\/\/www.auapsi.edu.ar\/wp-content\/uploads\/2019\/10\/pdf-100x100.png 100w\" sizes=\"auto, (max-width: 36px) 100vw, 36px\" \/><\/p>\n\n\n\n<p><a rel=\"noreferrer noopener\" href=\"http:\/\/www.auapsi.edu.ar\/wp-content\/uploads\/2020\/04\/Declaracion_COVID19_AUAPsi.pdf\" target=\"_blank\">Declaraci\u00f3n sobre las medidas de Aislamiento Social, Preventivo y Obligatorio <\/a><img loading=\"lazy\" decoding=\"async\" width=\"36\" height=\"36\" class=\"wp-image-104\" style=\"width: 36px;\" src=\"http:\/\/www.auapsi.edu.ar\/wp-content\/uploads\/2019\/10\/pdf.png\" alt=\"\" srcset=\"https:\/\/www.auapsi.edu.ar\/wp-content\/uploads\/2019\/10\/pdf.png 128w, https:\/\/www.auapsi.edu.ar\/wp-content\/uploads\/2019\/10\/pdf-100x100.png 100w\" sizes=\"auto, (max-width: 36px) 100vw, 36px\" \/><\/p>\n\n\n\n<p><a href=\"http:\/\/www.auapsi.edu.ar\/wp-content\/uploads\/2020\/04\/Programas_Contencion_Orientacion_Acompanamiento_Auapsi.pdf\" target=\"_blank\" rel=\"noreferrer noopener\">Programas de Contenci\u00f3n, Orientaci\u00f3n y Acompa\u00f1amineto <\/a><img loading=\"lazy\" decoding=\"async\" width=\"36\" height=\"36\" class=\"wp-image-104\" style=\"width: 36px;\" src=\"http:\/\/www.auapsi.edu.ar\/wp-content\/uploads\/2019\/10\/pdf.png\" alt=\"\" srcset=\"https:\/\/www.auapsi.edu.ar\/wp-content\/uploads\/2019\/10\/pdf.png 128w, https:\/\/www.auapsi.edu.ar\/wp-content\/uploads\/2019\/10\/pdf-100x100.png 100w\" sizes=\"auto, (max-width: 36px) 100vw, 36px\" \/><\/p>\n\n\n\n<p><a rel=\"noreferrer noopener\" aria-label=\" (abre en una nueva pesta\u00f1a)\" href=\"http:\/\/www.auapsi.edu.ar\/wp-content\/uploads\/2019\/10\/Declaracion_de_AUAPsi_sobre_acreditacion_y_universidad_publica.pdf\" target=\"_blank\">Declaraci\u00f3n sobre acreditaci\u00f3n y universidad p\u00fablica <\/a><img loading=\"lazy\" decoding=\"async\" width=\"36\" height=\"36\" class=\"wp-image-104\" style=\"width: 36px;\" src=\"http:\/\/www.auapsi.edu.ar\/wp-content\/uploads\/2019\/10\/pdf.png\" alt=\"\" srcset=\"https:\/\/www.auapsi.edu.ar\/wp-content\/uploads\/2019\/10\/pdf.png 128w, https:\/\/www.auapsi.edu.ar\/wp-content\/uploads\/2019\/10\/pdf-100x100.png 100w\" sizes=\"auto, (max-width: 36px) 100vw, 36px\" \/><\/p>\n\n\n\n<p><a rel=\"noreferrer noopener\" aria-label=\" (abre en una nueva pesta\u00f1a)\" href=\"http:\/\/www.auapsi.edu.ar\/wp-content\/uploads\/2019\/10\/Plan_Bolonia_EEES.pdf\" target=\"_blank\">Plan Bolonia (EEES) <\/a><img loading=\"lazy\" decoding=\"async\" width=\"36\" height=\"36\" class=\"wp-image-104\" style=\"width: 36px;\" src=\"http:\/\/www.auapsi.edu.ar\/wp-content\/uploads\/2019\/10\/pdf.png\" alt=\"\" srcset=\"https:\/\/www.auapsi.edu.ar\/wp-content\/uploads\/2019\/10\/pdf.png 128w, https:\/\/www.auapsi.edu.ar\/wp-content\/uploads\/2019\/10\/pdf-100x100.png 100w\" sizes=\"auto, (max-width: 36px) 100vw, 36px\" \/><\/p>\n\n\n\n<p><a href=\"http:\/\/www.auapsi.edu.ar\/wp-content\/uploads\/2019\/10\/Documento_sobre_la_Ley_de_Educacion_Superior.pdf\">Documento sobre la Ley de Educaci\u00f3n Superior   <\/a><a rel=\"noreferrer noopener\" aria-label=\"\ufffc (abre en una nueva pesta\u00f1a)\" href=\"http:\/\/www.auapsi.edu.ar\/wp-content\/uploads\/2019\/10\/Plan_Bolonia_EEES.pdf\" target=\"_blank\"><\/a> <img loading=\"lazy\" decoding=\"async\" width=\"36\" height=\"36\" class=\"wp-image-104\" style=\"width: 36px;\" src=\"http:\/\/www.auapsi.edu.ar\/wp-content\/uploads\/2019\/10\/pdf.png\" alt=\"\" srcset=\"https:\/\/www.auapsi.edu.ar\/wp-content\/uploads\/2019\/10\/pdf.png 128w, https:\/\/www.auapsi.edu.ar\/wp-content\/uploads\/2019\/10\/pdf-100x100.png 100w\" sizes=\"auto, (max-width: 36px) 100vw, 36px\" \/><\/p>\n\n\n\n<p><a rel=\"noreferrer noopener\" aria-label=\"Libro: Primer Encuentro de Unidades Acad\u00e9micas de Gesti\u00f3n P\u00fablica en Latinoam\u00e9rica \ufffc (abre en una nueva pesta\u00f1a)\" href=\"http:\/\/www.auapsi.edu.ar\/wp-content\/uploads\/2019\/10\/Libro_Primer_Encuentro_de_Unidades_Academicas_de_Gestion_Publica_en_Latinoamerica.pdf\" target=\"_blank\">Libro: I Encuentro de Unidades Acad\u00e9micas de Gesti\u00f3n P\u00fablica en Latinoam\u00e9rica <\/a><img loading=\"lazy\" decoding=\"async\" width=\"36\" height=\"36\" class=\"wp-image-104\" style=\"width: 36px;\" src=\"http:\/\/www.auapsi.edu.ar\/wp-content\/uploads\/2019\/10\/pdf.png\" alt=\"\" srcset=\"https:\/\/www.auapsi.edu.ar\/wp-content\/uploads\/2019\/10\/pdf.png 128w, https:\/\/www.auapsi.edu.ar\/wp-content\/uploads\/2019\/10\/pdf-100x100.png 100w\" sizes=\"auto, (max-width: 36px) 100vw, 36px\" \/><\/p>\n\n\n\n<p><a rel=\"noreferrer noopener\" aria-label=\"Presentaci\u00f3n de la Publicaci\u00f3n: 1er Censo Nacional en Psicolog\u00eda (Uruguay, 2014) \ufffc (abre en una nueva pesta\u00f1a)\" href=\"http:\/\/www.auapsi.edu.ar\/wp-content\/uploads\/2019\/10\/Presentacion_de_la_Publicacion_1er_Censo_Nacional_en_Psicologia_Uruguay_2014.pdf\" target=\"_blank\">Presentaci\u00f3n de la Publicaci\u00f3n: 1er Censo Nacional en Psicolog\u00eda (Uruguay, 2014) <\/a><img loading=\"lazy\" decoding=\"async\" width=\"36\" height=\"36\" class=\"wp-image-104\" style=\"width: 36px;\" src=\"http:\/\/www.auapsi.edu.ar\/wp-content\/uploads\/2019\/10\/pdf.png\" alt=\"\" srcset=\"https:\/\/www.auapsi.edu.ar\/wp-content\/uploads\/2019\/10\/pdf.png 128w, https:\/\/www.auapsi.edu.ar\/wp-content\/uploads\/2019\/10\/pdf-100x100.png 100w\" sizes=\"auto, (max-width: 36px) 100vw, 36px\" \/><\/p>\n","protected":false},"excerpt":{"rendered":"<p>Propuesta para la normativa de Regulaci\u00f3n de las Carreras de Licenciatura en Psicolog\u00eda en el marco de lo establecido en la Ley de Educaci\u00f3n Superior (Ley N\u00b0 2452\/95) Declaraci\u00f3n y repudio a las acciones que pongan en peligro las instituciones democr\u00e1ticas Declaraci\u00f3n sobre las medidas de Aislamiento Social, Preventivo y Obligatorio Programas de Contenci\u00f3n, Orientaci\u00f3n &hellip; <\/p>\n<p class=\"link-more\"><a href=\"https:\/\/www.auapsi.edu.ar\/?page_id=50\" class=\"more-link\">Segu\u00ed leyendo<span class=\"screen-reader-text\"> &#8220;Documentos&#8221;<\/span><\/a><\/p>\n","protected":false},"author":1,"featured_media":0,"parent":0,"menu_order":0,"comment_status":"closed","ping_status":"closed","template":"","meta":{"footnotes":""},"class_list":["post-50","page","type-page","status-publish","hentry"],"_links":{"self":[{"href":"https:\/\/www.auapsi.edu.ar\/index.php?rest_route=\/wp\/v2\/pages\/50","targetHints":{"allow":["GET"]}}],"collection":[{"href":"https:\/\/www.auapsi.edu.ar\/index.php?rest_route=\/wp\/v2\/pages"}],"about":[{"href":"https:\/\/www.auapsi.edu.ar\/index.php?rest_route=\/wp\/v2\/types\/page"}],"author":[{"embeddable":true,"href":"https:\/\/www.auapsi.edu.ar\/index.php?rest_route=\/wp\/v2\/users\/1"}],"replies":[{"embeddable":true,"href":"https:\/\/www.auapsi.edu.ar\/index.php?rest_route=%2Fwp%2Fv2%2Fcomments&post=50"}],"version-history":[{"count":13,"href":"https:\/\/www.auapsi.edu.ar\/index.php?rest_route=\/wp\/v2\/pages\/50\/revisions"}],"predecessor-version":[{"id":363,"href":"https:\/\/www.auapsi.edu.ar\/index.php?rest_route=\/wp\/v2\/pages\/50\/revisions\/363"}],"wp:attachment":[{"href":"https:\/\/www.auapsi.edu.ar\/index.php?rest_route=%2Fwp%2Fv2%2Fmedia&parent=50"}],"curies":[{"name":"wp","href":"https:\/\/api.w.org\/{rel}","templated":true}]}}