{"id":258,"date":"2020-10-06T01:00:00","date_gmt":"2020-10-06T04:00:00","guid":{"rendered":"http:\/\/www.auapsi.edu.ar\/?page_id=258"},"modified":"2023-07-11T11:26:03","modified_gmt":"2023-07-11T14:26:03","slug":"actividad-dia-7-de-octubre-15-horas","status":"publish","type":"page","link":"https:\/\/www.auapsi.edu.ar\/?page_id=258","title":{"rendered":"Actividades Anteriores"},"content":{"rendered":"\n<p><\/p>\n\n\n\n<h1 class=\"wp-block-heading entry-title\">S\u00e1bado 31 de Octubre &#8211; 10:00 hs<\/h1>\n\n\n\n<figure class=\"wp-block-image size-large\"><img loading=\"lazy\" decoding=\"async\" width=\"1024\" height=\"516\" src=\"http:\/\/www.auapsi.edu.ar\/wp-content\/uploads\/2020\/10\/FlyerPsicoanalisisEnLaUniversidad20201031-1024x516.jpeg\" alt=\"\" class=\"wp-image-312\" srcset=\"https:\/\/www.auapsi.edu.ar\/wp-content\/uploads\/2020\/10\/FlyerPsicoanalisisEnLaUniversidad20201031-1024x516.jpeg 1024w, https:\/\/www.auapsi.edu.ar\/wp-content\/uploads\/2020\/10\/FlyerPsicoanalisisEnLaUniversidad20201031-300x151.jpeg 300w, https:\/\/www.auapsi.edu.ar\/wp-content\/uploads\/2020\/10\/FlyerPsicoanalisisEnLaUniversidad20201031-768x387.jpeg 768w, https:\/\/www.auapsi.edu.ar\/wp-content\/uploads\/2020\/10\/FlyerPsicoanalisisEnLaUniversidad20201031.jpeg 1052w\" sizes=\"auto, (max-width: 767px) 89vw, (max-width: 1000px) 54vw, (max-width: 1071px) 543px, 580px\" \/><\/figure>\n\n\n<p>Este s\u00e1bado 31 de Octubre a las 10:00hs bajo modalidad virtual lxs invitamos a la presentaci\u00f3n del 4 n\u00famero de la Revista Psicoan\u00e1lisis en la Universidad de la Facultad de Psicolog\u00eda de la Universidad Nacional de Rosario. Contaremos con la presencia de Paul-Laurent Assoun quien dictar\u00e1 la Conferencia &#8220;La Cat\u00e1strofe puesta a prueba por el psicoan\u00e1lisis: sujeto y perjuicio colectivo&#8221;<\/p>\n\n\n<h1 class=\"wp-block-heading entry-title\">Actividad D\u00eda 10 de Octubre<\/h1>\n\n\n\n<h4 class=\"wp-block-heading\"><strong>11 horas<\/strong><\/h4>\n\n\n<p><i>&#8220;Conversatorio en el marco del D\u00eda Mundial de la Salud Mental&#8221;<\/i> con la participaci\u00f3n de <strong>Jos\u00e9 <i>Pepe<\/i> Schiappapietra<\/strong>.<br>\nOrganiza Facultad de Ciencias de la Educaci\u00f3n Universidad Nacional del Comahue<br>\nSe transmitir\u00e1 por el siguiente canal<br>\n<a href=\"www.youtube.com\/c\/FacultaddeCienciasdelaEducacion\">www.youtube.com\/c\/FacultaddeCienciasdelaEducacion<\/a><\/p>\n\n\n<!--more-->\n\n\n\n<h4 class=\"wp-block-heading\"><strong>17 horas<\/strong><\/h4>\n\n\n<p>Presentaci\u00f3n de un Video de sensibilizaci\u00f3n en el marco del <i>D\u00eda Mundial de la Salud Mental<\/i><br>\nOrganiza Facultad de Psicolog\u00eda Universidad Nacional de Mar del Plata<br>\nSe podr\u00e1 ver a trav\u00e9s de las siguientes redes sociales:<br>\nFacebook: <a href=\"https:\/\/www.facebook.com\/f.psico.UNMdP\/\">Facultad de Psicologia UNMDP sitio oficial<\/a><br>\nInstagram: <a href=\"https:\/\/www.instagram.com\/fpsicounmdp\/\">@fpsicounmdp<\/a><\/p>\n<div>&nbsp;<\/div>\n<div>&nbsp;<\/div>\n\n\n<h1 class=\"wp-block-heading entry-title\">Actividad D\u00eda 9 de Octubre<\/h1>\n\n\n\n<h4 class=\"wp-block-heading\"><strong>10 horas<\/strong><\/h4>\n\n\n<p>\u2022 PANEL: <i>Di\u00e1logos internacionales y debates en Investigaci\u00f3n<\/i><br>\nOrganiza Facultad de Psicologia Universidad Nacional de Rosario<br>\n<strong>Dr. Mart\u00edn Plascencia<\/strong>, Universidad Aut\u00f3noma de Chiapas, M\u00e9xico <strong>Dra. Gabriela Etchebehere<\/strong>, Universidad de la Rep\u00fablica, Uruguay <strong>Mag. Enrique Bonilla<\/strong>, Universidad de Alcal\u00e1, Espa\u00f1a <strong>Dra. Ivonne Ramirez<\/strong>, Universidad de Chuquisaca, Bolivia Coordina: <strong>Dr. Facundo Corval\u00e1n<\/strong>, Secretar\u00eda de Relaciones Internacionales<br>\nZoom: ID de reuni\u00f3n: <strong>956 7470 1646<\/strong> (Ingreso 09:45 AM)<\/p>\n\n\n<h4 class=\"wp-block-heading\"><strong>11 horas<\/strong><\/h4>\n\n\n<p>\u2022 <i>\u201cLa Psicologia en la Pandemia: Perspectivas Clinicas\u201d<\/i> Mesa 1<br>Organiza Facultad de Psicologia UBA<br>Coordinador: <strong>Dr Cristian Garay<br>Dr. Eduardo Keegan- Dr. Martin Wainstein \u2013 Dr Martin Etchevers<\/strong><br><a href=\"www.youtube.com\/user\/UBApsicologia\">www.youtube.com\/user\/UBApsicologia<\/a><\/p>\n\n\n<h4 class=\"wp-block-heading\"><strong>12 horas<\/strong><\/h4>\n\n\n<p>\u2022 CONFERENCIA: <i>La interdisciplina ante las nuevas formas de subjetividad<\/i><br>\nOrganiza Facultad de Psicolog\u00eda Universidad Nacional de Rosario<br><strong>Dr. Roberto Follari<\/strong>, Universidad Nacional de Cuyo Presenta: <strong>Dr. F\u00e9lix Temporetti<\/strong>, Facultad de Psicolog\u00eda<br>Zoom: ID de reuni\u00f3n: <strong>984 1954 5744<\/strong> (Ingreso 11:50 AM)<\/p>\n\n\n<h4 class=\"wp-block-heading\"><strong>14 horas<\/strong><\/h4>\n\n\n<p><i>\u201cLa Psicolog\u00eda en la Pandemia: Perspectivas Cl\u00ednicas\u201d<\/i> Mesa 2<br>\nOrganiza Facultad de Psicolog\u00eda UBA<br>Coordinadora: <strong>Prof. Paula Quattrocchi<br>Dr. Osvaldo Delgado \u2013 Dr. Gabriel Lombardi \u2013 Dra. In\u00e9s Sotelo<\/strong><br><a href=\"www.youtube.com\/user\/UBApsicologia\">www.youtube.com\/user\/UBApsicologia<\/a><\/p>\n\n\n<h4 class=\"wp-block-heading\"><strong>14 horas<\/strong><\/h4>\n\n\n<p>\u2022 MESA DE DI\u00c1LOGOS: <i>\u201cLa producci\u00f3n de investigaci\u00f3n en Centros de Estudios de la Facultad de Psicolog\u00eda\u201d<\/i><br>Organiza Facultad de Psicolog\u00eda Universidad Nacional de Rosario<br><strong>Psic. Diego Brandolin<\/strong>, Centro de Estudio Psicoterapias, Interdisciplinas y Comunidad, CEPIC <strong>Dr. Mauricio Cervigni<\/strong>, Centro de Investigaci\u00f3n en Neurociencias de Rosario, CINR <strong>Psic. Valeria Bearzotti<\/strong>, Centro de Estudio Comunitario Asistencial, CECOAS <strong>Dra. Mar\u00eda Soledad N\u00edvoli<\/strong>, Centro de Estudio Periferia Epistemol\u00f3gicas, CEPE Coordina: <strong>Ps. Nahuel Cravero<\/strong>, Secretar\u00eda de Ciencia y Tecnolog\u00eda<br>Zoom: ID de reuni\u00f3n: <strong>936 9843 1091<\/strong> (Ingreso 01:50)<\/p>\n\n\n<h4 class=\"wp-block-heading\"><strong>15 horas<\/strong><\/h4>\n\n\n<p>\u2022 Videoconferencia: <i>&#8220;Pol\u00edticas cient\u00edficas y g\u00e9nero&#8221;<\/i><br>Organiza Facultad de Psicolog\u00eda Universidad Nacional de San Luis<br>A cargo de: <strong>Dra. Erica Hynes<\/strong>, Investigadora Independiente de CONICET y Profesora Titular de la Facultad de Ingenier\u00eda Qu\u00edmica de la Universidad Nacional del Litoral. Diputada Provincial -Ex Ministro de Ciencia y Tecnolog\u00eda de Santa Fe. Presenta: Secretar\u00eda de Extensi\u00f3n de la Facultad de Psicolog\u00eda, <strong>Mgter. Bel\u00e9n Piola<\/strong><br>Preinscripciones: <a href=\"https:\/\/forms.gle\/gadYkmkRkGKehCBG8\">https:\/\/forms.gle\/gadYkmkRkGKehCBG8<\/a><\/p>\n\n\n<h4 class=\"wp-block-heading\"><strong>18 horas<\/strong><\/h4>\n\n\n<p>\u2022 PANEL: <i>\u201cDi\u00e1logos de \u00e9poca: Pensar la investigaci\u00f3n en Psicolog\u00eda como pr\u00e1ctica social\u201d<\/i><br>Organiza Facultad de Psicolog\u00eda Universidad Nacional de Rosario<br><strong>Dra. Roxana Cecilia Ynoub<\/strong>, Universidad de Buenos Aires <strong>Dra. Cecilia Ros<\/strong>, Universidad de Buenos Aires. <strong>Dra. Silvina Brussino<\/strong>, Universidad Nacional de C\u00f3rdoba Coordina: <strong>Mgr. Sandra Gerlero<\/strong>, Secretar\u00eda de Ciencia y Tecnolog\u00eda Palabras de cierre: <strong>Psic. Mirta Spedale<\/strong>, Vice Decana Facultad de Psicolog\u00eda<br>\nZoom: ID de reuni\u00f3n: <strong>949 2697 1791<\/strong> (Ingreso 05:50 PM)<\/p>\n\n\n<h4 class=\"wp-block-heading\"><strong>19 horas<\/strong><\/h4>\n\n\n<p>\u2022 Conversatorio <i>\u00bfAdicci\u00f3n o Palabra? Dialogo en Psicolog\u00eda desde M\u00faltiples Abordajes. Aproximaciones Conceptuales acerca del fen\u00f3meno del consumo desde su complejidad<\/i><br>\nInscripciones: <strong>secextension@psicologia.unt.edu.ar<\/strong><\/p>\n<div>&nbsp;<\/div>\n<div>&nbsp;<\/div>\n\n\n<h1 class=\"wp-block-heading entry-title\">Actividad D\u00eda 8 de Octubre<\/h1>\n\n\n\n<h4 class=\"wp-block-heading\"><strong>9 horas<\/strong><\/h4>\n\n\n\n<p><u>IX JORNADAS DE INVESTIGACI\u00d3N EN PSICOLOG\u00cdA 2020<\/u>:<br>\u201c<strong>Investigar en Psicolog\u00eda: di\u00e1logos de \u00e9poca entre saberes y pr\u00e1cticas<\/strong>\u201d.<br>Organiza Facultad de Psicolog\u00eda Universidad Nacional de Rosario<br>\u2022 BIENVENIDA: <strong>Mg. Sandra Gerlero<\/strong>, Secretar\u00eda de Ciencia y Tecnolog\u00eda, Facultad de Psicolog\u00eda.<br>\u2022 PALABRAS DE APERTURA: <strong>Psic. Esp. Soledad Cottone<\/strong>, Decana de Facultad de Psicolog\u00eda<br>\u2022 PANEL: \u201c<em>Di\u00e1logos de \u00e9poca sobre la \u00c9tica de Investigaci\u00f3n en Psicolog\u00eda<\/em>\u201d<br>\u2022 INVITADXS: <strong>Dra. Ana Mar\u00eda Hermosilla<\/strong>, Universidad Nacional de Mar del Plata y AUAPSI &#8211; <strong>Dra. Nidia Georgina De Andrea<\/strong>, Universidad Nacional de San Luis &#8211; <strong>Dra. Angelina Uzin Olleros<\/strong>, Universidad Aut\u00f3noma de Entre R\u00edos<br>Coordina: <strong>Psic. Juan Carabajal<\/strong>, Comisi\u00f3n de \u00c9tica de Investigaci\u00f3n de Facultad de Psicolog\u00eda\n\n\n\n<br>\n\u2022 ZOOM: ID de reuni\u00f3n: 970 2695 6590 (Ingreso 08:50 AM)<br>Inscripci\u00f3n: <a href=\"https:\/\/forms.gle\/mKxmjXzpC8p6MoU56\">https:\/\/forms.gle\/mKxmjXzpC8p6MoU56<\/a><\/p>\n\n\n\n<h4 class=\"wp-block-heading\"><strong>15 horas<\/strong><\/h4>\n\n\n\n<p>Videoconferencia: &#8220;<strong>Internacionalizaci\u00f3n de la Educaci\u00f3n Superior y desarrollo de la investigaci\u00f3n cient\u00edfica<\/strong>&#8220;<br>Organiza Facultad de Psicolog\u00eda Universidad Nacional de San Luis<br>A cargo del <strong>Arq. Gustavo Tripaldi<\/strong>, Secretario de Relaciones Interinstitucionales en la Universidad Nacional del Nordeste (UNNE).<br>Preinscripciones: <a href=\"https:\/\/forms.gle\/gadYkmkRkGKehCBG8\">https:\/\/forms.gle\/gadYkmkRkGKehCBG8<\/a><br>Presenta: Vicedecana de la Facultad de Psicolog\u00eda, <strong>Dra. Alejandra Taborda<\/strong><\/p>\n\n\n<div>&nbsp;<\/div>\n<div>&nbsp;<\/div>\n\n\n<h1 class=\"wp-block-heading entry-title\">Actividad D\u00eda 7 de Octubre, 15 horas<\/h1>\n\n\n\n<p><strong>Videoconferencia: &#8220;Pol\u00edticas de Vinculaci\u00f3n Cient\u00edfica, Tecnol\u00f3gica y Social&#8221;<\/strong><\/p>\n\n\n\n<p>A cargo del <strong>Dr Javier Lottersberger<\/strong>, Secretario de Vinculaci\u00f3n y Transferencia Tecnol\u00f3gica, Universidad Nacional del Litoral. Bioqu\u00edmico, Doctor en Ciencias Biol\u00f3gicas formado en la Universidad Nacional del Litoral. Profesor y Ex Decano de la Facultad de Bioqu\u00edmica y Ciencias Biol\u00f3gicas de la Universidad Nacional del Litoral. Su rica experiencia en gesti\u00f3n universitaria principalmente se ha desempe\u00f1ado en el \u00e1rea de Vinculaci\u00f3n y Transferencia Tecnol\u00f3gica. Es Investigador, docente y emprendedor.<\/p>\n\n\n\n<p>Presenta:<br>Secretar\u00eda de Ciencia y Tecnolog\u00eda de la Facultad de Psicolog\u00eda, <strong>Dra. Andrea Pi\u00f1eda<\/strong><\/p>\n\n\n<div>&nbsp;<\/div>\n<div>&nbsp;<\/div>\n\n\n<div class=\"wp-block-group\"><div class=\"wp-block-group__inner-container is-layout-flow wp-block-group-is-layout-flow\">\n<h1 class=\"wp-block-heading entry-title\">Actividad D\u00eda 6 de Octubre, 15 horas<\/h1>\n\n\n\n<p><strong>Videoconferencia: &#8220;Pol\u00edticas de promoci\u00f3n de la<br>investigaci\u00f3n y formaci\u00f3n de investigadores en Ciencias Sociales&#8221;<\/strong><\/p>\n\n\n\n<p>A cargo del <strong>Dr Mario Pecheny<\/strong>, Vicepresidente de Asuntos Cient\u00edficos de CONICET. Investigador Principal de CONICET en el \u00c1rea Sociolog\u00eda y Demograf\u00eda, dirigiendo diversos equipos de investigaci\u00f3n en el Instituto Gino Germani. Profesor Titular Regular de Sociolog\u00eda de la Salud y Pol\u00edticas de la Salud, as\u00ed como de Ciencia Pol\u00edtica en la UBA. Se form\u00f3 como Lic. en Ciencias Pol\u00edticas en la UBA (1990), Mgr (1993) y Dr. (2000) en Ciencias Pol\u00edticas por la Universidad Paris III. Distinguido con el Premio Houssay en Ciencias Sociales (2012).<\/p>\n\n\n\n<p>Presentan:<br>Rector de la Universidad Nacional de San Luis, <strong>CPN. V\u00edctor Mori\u00f1igo<br><\/strong>Decana de la Facultad de Psicolog\u00eda, <strong>Mgter. Claudia Brusasca<\/strong><\/p>\n\n\n\n<p>Las preinscripciones pueden realizarse mediante el siguiente<br>enlace: <a rel=\"noreferrer noopener\" href=\"https:\/\/forms.gle\/gadYkmkRkGKehCBG8\" target=\"_blank\">https:\/\/forms.gle\/gadYkmkRkGKehCBG8<\/a><\/p>\n<\/div><\/div>\n","protected":false},"excerpt":{"rendered":"<p>S\u00e1bado 31 de Octubre &#8211; 10:00 hs Este s\u00e1bado 31 de Octubre a las 10:00hs bajo modalidad virtual lxs invitamos a la presentaci\u00f3n del 4 n\u00famero de la Revista Psicoan\u00e1lisis en la Universidad de la Facultad de Psicolog\u00eda de la Universidad Nacional de Rosario. Contaremos con la presencia de Paul-Laurent Assoun quien dictar\u00e1 la Conferencia &hellip; <\/p>\n<p class=\"link-more\"><a href=\"https:\/\/www.auapsi.edu.ar\/?page_id=258\" class=\"more-link\">Segu\u00ed leyendo<span class=\"screen-reader-text\"> &#8220;Actividades Anteriores&#8221;<\/span><\/a><\/p>\n","protected":false},"author":1,"featured_media":0,"parent":0,"menu_order":0,"comment_status":"closed","ping_status":"closed","template":"","meta":{"footnotes":""},"class_list":["post-258","page","type-page","status-publish","hentry"],"_links":{"self":[{"href":"https:\/\/www.auapsi.edu.ar\/index.php?rest_route=\/wp\/v2\/pages\/258","targetHints":{"allow":["GET"]}}],"collection":[{"href":"https:\/\/www.auapsi.edu.ar\/index.php?rest_route=\/wp\/v2\/pages"}],"about":[{"href":"https:\/\/www.auapsi.edu.ar\/index.php?rest_route=\/wp\/v2\/types\/page"}],"author":[{"embeddable":true,"href":"https:\/\/www.auapsi.edu.ar\/index.php?rest_route=\/wp\/v2\/users\/1"}],"replies":[{"embeddable":true,"href":"https:\/\/www.auapsi.edu.ar\/index.php?rest_route=%2Fwp%2Fv2%2Fcomments&post=258"}],"version-history":[{"count":17,"href":"https:\/\/www.auapsi.edu.ar\/index.php?rest_route=\/wp\/v2\/pages\/258\/revisions"}],"predecessor-version":[{"id":396,"href":"https:\/\/www.auapsi.edu.ar\/index.php?rest_route=\/wp\/v2\/pages\/258\/revisions\/396"}],"wp:attachment":[{"href":"https:\/\/www.auapsi.edu.ar\/index.php?rest_route=%2Fwp%2Fv2%2Fmedia&parent=258"}],"curies":[{"name":"wp","href":"https:\/\/api.w.org\/{rel}","templated":true}]}}