{"id":234,"date":"2020-09-17T18:42:46","date_gmt":"2020-09-17T21:42:46","guid":{"rendered":"http:\/\/www.auapsi.edu.ar\/?page_id=234"},"modified":"2020-12-12T17:17:43","modified_gmt":"2020-12-12T20:17:43","slug":"revistas","status":"publish","type":"page","link":"https:\/\/www.auapsi.edu.ar\/?page_id=234","title":{"rendered":"Revistas"},"content":{"rendered":"<div class=\"filarevistas\">\n<p>Facultad de Psicolog\u00eda Universidad Nacional de Mar del Plata<\/p>\n<div class=\"facultad\"><img decoding=\"async\" src=\"http:\/\/www.auapsi.edu.ar\/wp-content\/uploads\/2020\/11\/isologo_cuadrado_psicologia_unmdp.png\"><\/div>\n<div class=\"revista\"><a href=\"http:\/\/perspectivas.mdp.edu.ar\/\" target=\"_blank\" rel=\"noopener noreferrer\">Perspectivas en Psicolog\u00eda<\/a><\/div>\n<\/div>\n<div class=\"filarevistas\">\n<p>Facultad de Psicolog\u00eda Universidad Nacional de Tucum\u00e1n<\/p>\n<div class=\"facultad\"><img decoding=\"async\" src=\"http:\/\/www.auapsi.edu.ar\/wp-content\/uploads\/2020\/11\/untucuman_cuadrado.jpg\"><\/div>\n<div class=\"revista\"><a href=\"http:\/\/www.psicologia.unt.edu.ar\/?page_id=389\" target=\"_blank\" rel=\"noopener noreferrer\">Psico-Logos<\/a><\/div>\n<div class=\"revista\"><a href=\"http:\/\/www.psicologia.unt.edu.ar\/?page_id=391\" target=\"_blank\" rel=\"noopener noreferrer\">Investigando en Psicolog\u00eda<\/a><\/div>\n<\/div>\n<div class=\"filarevistas\">\n<p>Facultad de Psicolog\u00eda Universidad de Buenos Aires<\/p>\n<div class=\"facultad\"><img decoding=\"async\" src=\"http:\/\/www.auapsi.edu.ar\/wp-content\/uploads\/2020\/11\/logo_ubapsico_cuadrado.png\"><\/div>\n<div class=\"revista\"><a href=\"http:\/\/www.psi.uba.ar\/accesos.php?var=investigaciones\/revistas\/anuario\/anuario.php\" target=\"_blank\" rel=\"noopener noreferrer\">Anuario de Investigaciones<\/a><\/div>\n<div class=\"revista\"><a href=\"http:\/\/www.psi.uba.ar\/accesos.php?var=investigaciones\/revistas\/investigaciones\/investigaciones.php\" target=\"_blank\" rel=\"noopener noreferrer\">Investigaciones en Psicolog\u00eda<\/a><\/div>\n<div class=\"revista\"><a href=\"http:\/\/www.psi.uba.ar\/accesos.php?var=investigaciones\/revistas\/psicoanalisis\/psicoanalisis.php\" target=\"_blank\" rel=\"noopener noreferrer\">Revista Universitaria de Psicoan\u00e1lisis<\/a><\/div>\n<div class=\"revista\"><a href=\"http:\/\/www.psi.uba.ar\/accesos.php?var=extension\/psi\/index.php\" target=\"_blank\" rel=\"noopener noreferrer\">PSI &#8211; Publicaci\u00f3n Semanal Informativa<\/a><\/div>\n<div class=\"revista\"><a href=\"http:\/\/intersecciones.psi.uba.ar\/\" target=\"_blank\" rel=\"noopener noreferrer\">Revista Intersecciones PSI<\/a><\/div>\n<div class=\"revista\"><a href=\"http:\/\/jimemorias.psi.uba.ar\/\" target=\"_blank\" rel=\"noopener noreferrer\">Memorias del Congreso Internacional de Investigaci\u00f3n y Pr\u00e1ctica Profesional en Psicolog\u00eda (2005 en adelante)<\/a><\/div>\n<div class=\"revista\"><a href=\"http:\/\/www.psi.uba.ar\/accesos.php?var=institucional\/publicaciones_facultad\/revista_generaciones\/index.php\" target=\"_blank\" rel=\"noopener noreferrer\">Revista Generaciones<\/a><\/div>\n<\/div>\n<div class=\"filarevistas\">\n<p>Facultad de Psicolog\u00eda Universidad Nacional de La Plata<\/p>\n<div class=\"facultad\"><img decoding=\"async\" src=\"http:\/\/www.auapsi.edu.ar\/wp-content\/uploads\/2020\/11\/unlp-cuadrado-gris.jpg\"><\/div>\n<div class=\"revista\"><a href=\"https:\/\/revistas.unlp.edu.ar\/revpsi\" target=\"_blank\" rel=\"noopener noreferrer\">Revista de Psicolog\u00eda<\/a><\/div>\n<div class=\"revista\"><a href=\"https:\/\/revistas.unlp.edu.ar\/OrientacionYSociedad\" target=\"_blank\" rel=\"noopener noreferrer\">Orientaci\u00f3n y Sociedad<\/a><\/div>\n<div class=\"revista\"><a href=\"http:\/\/www.psico.unlp.edu.ar\/articulo\/2019\/10\/8\/infancia__discapacidad_y_educacion_inclusiva\" target=\"_blank\" rel=\"noopener noreferrer\">Infancia, discapacidad y educaci\u00f3n inclusiva<\/a><\/div>\n<div class=\"revista\"><a href=\"https:\/\/revistas.unlp.edu.ar\/AnuarioPsicologia\" target=\"_blank\" rel=\"noopener noreferrer\">Anuario Temas en Psicolog\u00eda<\/a><\/div>\n<\/div>\n<div class=\"filarevistas\">\n<p>Facultad de Psicolog\u00eda Universidad Nacional de Rosario<\/p>\n<div class=\"facultad\"><img decoding=\"async\" src=\"http:\/\/www.auapsi.edu.ar\/wp-content\/uploads\/2020\/11\/logo_unr_cuadrado.jpg\"><\/div>\n<div class=\"revista\"><a href=\"https:\/\/psicoanalisisenlauniversidad.unr.edu.ar\/index.php\/RPU\" target=\"_blank\" rel=\"noopener noreferrer\">Revista Psicoan\u00e1lisis en la Universidad<\/a><\/div>\n<div class=\"revista\"><a href=\"https:\/\/barquitospintados.unr.edu.ar\/index.php\/Barquitos\" target=\"_blank\" rel=\"noopener noreferrer\">Barquitos Pintados<\/a><\/div>\n<div class=\"revista\"><a href=\"https:\/\/criticapsicologia.unr.edu.ar\/\" target=\"_blank\" rel=\"noopener noreferrer\">Revista Cr\u00edtica<\/a><\/div>\n<div class=\"revista\"><a href=\"https:\/\/escritosdeposgrado-fpsico.unr.edu.ar\/\" target=\"_blank\" rel=\"noopener noreferrer\">Revista Acad\u00e9mica Escritos de Posgrado<\/a><\/div>\n<\/div>\n<div class=\"filarevistas\">\n<p>Facultad de Psicolog\u00eda Universidad Nacional de C\u00f3rdoba<\/p>\n<div class=\"facultad\"><img decoding=\"async\" src=\"http:\/\/www.auapsi.edu.ar\/wp-content\/uploads\/2020\/11\/logo_unc_cuadrado.png\"><\/div>\n<div class=\"revista\"><a href=\"https:\/\/revistas.unc.edu.ar\/index.php\/pathos\" target=\"_blank\" rel=\"noopener noreferrer\">Revista Pathos<\/a><\/div>\n<div class=\"revista\"><a href=\"https:\/\/revistas.unc.edu.ar\/index.php\/aifp\/issue\/view\/2022\" target=\"_blank\" rel=\"noopener noreferrer\">Anuario de Investigaciones de la Facultad de Psicolog\u00eda<\/a><\/div>\n<\/div>\n<div class=\"filarevistas\">\n<p>Facultad de Psicolog\u00eda Universidad Rep\u00fablica de Uruguay<\/p>\n<div class=\"facultad\"><img decoding=\"async\" src=\"http:\/\/www.auapsi.edu.ar\/wp-content\/uploads\/2020\/11\/logo_uruguay_cuadrado.jpg\"><\/div>\n<div class=\"revista\"><a href=\"https:\/\/revista.psico.edu.uy\/index.php\/revpsicologia\" target=\"_blank\" rel=\"noopener noreferrer\">Revista Psicolog\u00eda, conocimiento y sociedad<\/a><\/div>\n<\/div>\n<div class=\"filarevistas\">\n<p>Facultad de Ciencias de la Educaci\u00f3n Universidad Nacional del Comahue<\/p>\n<div class=\"facultad\"><img decoding=\"async\" src=\"http:\/\/www.auapsi.edu.ar\/wp-content\/uploads\/2020\/11\/logo_uncomahue_cuadrado.png\"><\/div>\n<div class=\"revista\"><a href=\"http:\/\/revele.uncoma.edu.ar\/htdoc\/revele\/index.php\/confluenciadesaberes\/index\" target=\"_blank\" rel=\"noopener noreferrer\">Confluencia de Saberes. Revista de Educaci\u00f3n y Psicolog\u00eda<\/a><\/div>\n<\/div>\n<div class=\"filarevistas\">\n<p>Facultad de Humanidades, Artes y Ciencias Sociales Universidad Aut\u00f3noma de Entre R\u00edos<\/p>\n<div class=\"facultad\"><img decoding=\"async\" src=\"http:\/\/www.auapsi.edu.ar\/wp-content\/uploads\/2020\/12\/UADER-logo-e1607737786774.png\"><\/div>\n<div class=\"revista\"><a href=\"http:\/\/sif.uader.edu.ar\/?page_id=28\" target=\"_blank\" rel=\"noopener noreferrer\">Scientia Interfluvius &#8211; Revista Cient\u00edfica de la UADER<\/a><\/div>\n<\/div>\n<style>.filarevistas p {color:dimgray; margin:0px;font-weight:bold;} .filarevistas{padding-left:5px; background:white; width:100%; border:solid 1px; height:200px; overflow:hidden;} .facultad{height:100%;width:15%;float:left;} .revista{text-align:left; margin-left:15%;font-size:85%;padding-left:80px;} .revista a {color:black;} a:visited {color:dimgray!important;} a:hover {color:maroon!important;text-decoration: none} a::before{content:\"- \";} a:hover::before {content:\"\u2022 \";} <\/style>\n","protected":false},"excerpt":{"rendered":"<p>Facultad de Psicolog\u00eda Universidad Nacional de Mar del Plata Perspectivas en Psicolog\u00eda Facultad de Psicolog\u00eda Universidad Nacional de Tucum\u00e1n Psico-Logos Investigando en Psicolog\u00eda Facultad de Psicolog\u00eda Universidad de Buenos Aires Anuario de Investigaciones Investigaciones en Psicolog\u00eda Revista Universitaria de Psicoan\u00e1lisis PSI &#8211; Publicaci\u00f3n Semanal Informativa Revista Intersecciones PSI Memorias del Congreso Internacional de Investigaci\u00f3n y &hellip; <\/p>\n<p class=\"link-more\"><a href=\"https:\/\/www.auapsi.edu.ar\/?page_id=234\" class=\"more-link\">Segu\u00ed leyendo<span class=\"screen-reader-text\"> &#8220;Revistas&#8221;<\/span><\/a><\/p>\n","protected":false},"author":1,"featured_media":0,"parent":0,"menu_order":0,"comment_status":"closed","ping_status":"closed","template":"","meta":{"footnotes":""},"class_list":["post-234","page","type-page","status-publish","hentry"],"_links":{"self":[{"href":"https:\/\/www.auapsi.edu.ar\/index.php?rest_route=\/wp\/v2\/pages\/234","targetHints":{"allow":["GET"]}}],"collection":[{"href":"https:\/\/www.auapsi.edu.ar\/index.php?rest_route=\/wp\/v2\/pages"}],"about":[{"href":"https:\/\/www.auapsi.edu.ar\/index.php?rest_route=\/wp\/v2\/types\/page"}],"author":[{"embeddable":true,"href":"https:\/\/www.auapsi.edu.ar\/index.php?rest_route=\/wp\/v2\/users\/1"}],"replies":[{"embeddable":true,"href":"https:\/\/www.auapsi.edu.ar\/index.php?rest_route=%2Fwp%2Fv2%2Fcomments&post=234"}],"version-history":[{"count":9,"href":"https:\/\/www.auapsi.edu.ar\/index.php?rest_route=\/wp\/v2\/pages\/234\/revisions"}],"predecessor-version":[{"id":335,"href":"https:\/\/www.auapsi.edu.ar\/index.php?rest_route=\/wp\/v2\/pages\/234\/revisions\/335"}],"wp:attachment":[{"href":"https:\/\/www.auapsi.edu.ar\/index.php?rest_route=%2Fwp%2Fv2%2Fmedia&parent=234"}],"curies":[{"name":"wp","href":"https:\/\/api.w.org\/{rel}","templated":true}]}}