{"id":213,"date":"2020-04-22T01:15:05","date_gmt":"2020-04-22T04:15:05","guid":{"rendered":"http:\/\/www.auapsi.edu.ar\/?page_id=213"},"modified":"2020-10-06T10:52:48","modified_gmt":"2020-10-06T13:52:48","slug":"programas","status":"publish","type":"page","link":"https:\/\/www.auapsi.edu.ar\/?page_id=213","title":{"rendered":"Programas de Contenci\u00f3n, Orientaci\u00f3n y Acompa\u00f1amiento"},"content":{"rendered":"\n<style type=\"text\/css\">\n.noslider{\n\twidth: 100%;\n\tmargin: 0;\n\toverflow: hidden;\n}\n.noslider ul {\n\tdisplay: flex;\n\tpadding: 0;\n\twidth: 100%;\n}\n.noslider li {\n\twidth: 100%;\n\tlist-style: none;\n}\n\n.noslider img {\n\twidth: 100%;\n}\n.slider {\n\twidth: 100%;\n\tmargin: 0;\n\toverflow: hidden;\n}\n\n.slider ul {\n\tdisplay: flex;\n\tpadding: 0;\n\twidth: 650%;\n\t\n\tanimation: cambio 60s infinite alternate linear;\n}\n\n.slider li {\n\twidth: 100%;\n\tlist-style: none;\n}\n\n.slider img {\n\twidth: 100%;\n}\n\n@keyframes cambio {\n\t0% {margin-left: 0;}\n\t8% {margin-left: 0;}\n\t\n\t12% {margin-left: -25%;}\n\t16% {margin-left: -25%;}\n\t\n\t16% {margin-left: -50%;}\n\t20% {margin-left: -50%;}\n\t\n\t20% {margin-left: -75%;}\n\t24% {margin-left: -75%;}\n\n\t24% {margin-left: -100%;}\n\t28% {margin-left: -100%;}\n\n\t28% {margin-left: -125%;}\n\t32% {margin-left: -125%;}\n\n  32% {margin-left: -150%;}\n\t36% {margin-left: -150%;}\n\n  36% {margin-left: -175%;}\n\t40% {margin-left: -175%;}\n\n  40% {margin-left: -200%;}\n\t44% {margin-left: -200%;}\n\n  44% {margin-left: -225%;}\n\t48% {margin-left: -225%;}\n\n\t48% {margin-left: -250%;}\n\t52% {margin-left: -250%;}\n\t\n\t52% {margin-left: -275%;}\n\t56% {margin-left: -275%;}\n\t\n\t56% {margin-left: -300%;}\n\t60% {margin-left: -300%;}\n\t\n\t60% {margin-left: -325%;}\n\t64% {margin-left: -325%;}\n\n\t64% {margin-left: -350%;}\n\t68% {margin-left: -350%;}\n\n\t68% {margin-left: -375%;}\n\t72% {margin-left: -375%;}\n\n  72% {margin-left: -400%;}\n\t76% {margin-left: -400%;}\n\n  76% {margin-left: -425%;}\n\t80% {margin-left: -425%;}\n\n  80% {margin-left: -450%;}\n\t84% {margin-left: -450%;}\n\n  84% {margin-left: -475%;}\n\t88% {margin-left: -475%;}\n\n\t88% {margin-left: -500%;}\n\t92% {margin-left: -500%;}\n\n  92% {margin-left: -525%;}\n\t96% {margin-left: -525%;}\n\n  96% {margin-left: -550%;}\n\t100% {margin-left: -550%;}\n\n}\n\n<\/style>\n<div class=\"slider\">\n\t\t\t<ul>\n \t\t\t\t<li><a href=\"http:\/\/www.psi.uba.ar\/institucional.php?var=institucional\/agenda\/covid_19\/atencion_psicologica_personal_salud.php\" target=\"_blank\" rel=\"noopener noreferrer\">\n          <img decoding=\"async\" src=\"http:\/\/www.auapsi.edu.ar\/wp-content\/uploads\/2020\/04\/12.jpg\" alt=\"\"><\/a>\n <\/li>\n\t\t\t\t<li><a href=\"http:\/\/www.psi.uba.ar\/institucional.php?var=institucional\/agenda\/covid_19\/atencion_psicologica_personal_salud.php\" target=\"_blank\" rel=\"noopener noreferrer\">\n          <img decoding=\"async\" src=\"http:\/\/www.auapsi.edu.ar\/wp-content\/uploads\/2020\/04\/13.jpg\" alt=\"\"><\/a>\n <\/li>\n \t\t\t\t<li><a href=\"http:\/\/www.psico.unlp.edu.ar\/articulo\/2020\/4\/6\/ayuda_ddhh\" target=\"_blank\" rel=\"noopener noreferrer\">\n          <img decoding=\"async\" src=\"http:\/\/www.auapsi.edu.ar\/wp-content\/uploads\/2020\/04\/14.jpg\" alt=\"\"><\/a>\n <\/li>\n\t\t\t\t<li><a href=\"https:\/\/psyche.unc.edu.ar\/\" target=\"_blank\" rel=\"noopener noreferrer\">\n          <img decoding=\"async\" src=\"http:\/\/www.auapsi.edu.ar\/wp-content\/uploads\/2020\/04\/15.jpg\" alt=\"\"><\/a>\n <\/li>\n\t\t\t\t<li><a href=\"https:\/\/psyche.unc.edu.ar\/\" target=\"_blank\" rel=\"noopener noreferrer\">\n          <img decoding=\"async\" src=\"http:\/\/www.auapsi.edu.ar\/wp-content\/uploads\/2020\/04\/16.jpg\" alt=\"\"><\/a>\n <\/li>\n\t\t\t\t<li><a href=\"http:\/\/psicocampus.mdp.edu.ar\/campus\/course\/index.php?categoryid=7\" target=\"_blank\" rel=\"noopener noreferrer\">\n          <img decoding=\"async\" src=\"http:\/\/www.auapsi.edu.ar\/wp-content\/uploads\/2020\/04\/01.jpg\" alt=\"\"><\/a>\n <\/li>\n\t\t\t\t<li><a href=\"http:\/\/psicocampus.mdp.edu.ar\/campus\/course\/index.php?categoryid=7\" target=\"_blank\" rel=\"noopener noreferrer\">\n          <img decoding=\"async\" src=\"http:\/\/www.auapsi.edu.ar\/wp-content\/uploads\/2020\/04\/02.jpg\" alt=\"\"><\/a>\n<\/li>\n\t\t\t\t<li><a href=\"http:\/\/psicocampus.mdp.edu.ar\/campus\/course\/index.php?categoryid=7\" target=\"_blank\" rel=\"noopener noreferrer\">\n  <img decoding=\"async\" src=\"http:\/\/www.auapsi.edu.ar\/wp-content\/uploads\/2020\/04\/03.jpg\" alt=\"\"><\/a>\n<\/li>\n\t\t\t\t<li><a href=\"http:\/\/psicocampus.mdp.edu.ar\/campus\/course\/index.php?categoryid=7\" target=\"_blank\" rel=\"noopener noreferrer\">\n  <img decoding=\"async\" src=\"http:\/\/www.auapsi.edu.ar\/wp-content\/uploads\/2020\/04\/04.jpg\" alt=\"\"><\/a>\n<\/li>\n \t\t\t\t<li><a href=\"http:\/\/psicocampus.mdp.edu.ar\/campus\/course\/index.php?categoryid=7\" target=\"_blank\" rel=\"noopener noreferrer\">\n  <img decoding=\"async\" src=\"http:\/\/www.auapsi.edu.ar\/wp-content\/uploads\/2020\/04\/05.jpg\" alt=\"\"><\/a>\n<\/li>\n \t\t\t\t<li><a href=\"http:\/\/psicocampus.mdp.edu.ar\/campus\/course\/index.php?categoryid=7\" target=\"_blank\" rel=\"noopener noreferrer\">\n  <img decoding=\"async\" src=\"http:\/\/www.auapsi.edu.ar\/wp-content\/uploads\/2020\/04\/06.jpg\" alt=\"\"><\/a>\n<\/li>\n \t\t\t\t<li><a href=\"http:\/\/psicocampus.mdp.edu.ar\/campus\/course\/index.php?categoryid=7\" target=\"_blank\" rel=\"noopener noreferrer\">\n  <img decoding=\"async\" src=\"http:\/\/www.auapsi.edu.ar\/wp-content\/uploads\/2020\/04\/07.jpg\" alt=\"\"><\/a>\n<\/li>\n \t\t\t\t<li><a href=\"http:\/\/psicocampus.mdp.edu.ar\/campus\/course\/index.php?categoryid=7\" target=\"_blank\" rel=\"noopener noreferrer\">\n  <img decoding=\"async\" src=\"http:\/\/www.auapsi.edu.ar\/wp-content\/uploads\/2020\/04\/08.jpg\" alt=\"\"><\/a>\n<\/li>\n \t\t\t\t<li><a href=\"http:\/\/psicocampus.mdp.edu.ar\/campus\/course\/index.php?categoryid=7\" target=\"_blank\" rel=\"noopener noreferrer\">\n  <img decoding=\"async\" src=\"http:\/\/www.auapsi.edu.ar\/wp-content\/uploads\/2020\/04\/09.jpg\" alt=\"\"><\/a>\n<\/li>\n \t\t\t\t<li><a href=\"http:\/\/psicocampus.mdp.edu.ar\/campus\/course\/index.php?categoryid=7\" target=\"_blank\" rel=\"noopener noreferrer\">\n          <img decoding=\"async\" src=\"http:\/\/www.auapsi.edu.ar\/wp-content\/uploads\/2020\/04\/10.jpg\" alt=\"\"><\/a>\n<\/li>\n\t\t\t\t<li><a href=\"http:\/\/psicocampus.mdp.edu.ar\/campus\/course\/index.php?categoryid=7\" target=\"_blank\" rel=\"noopener noreferrer\">\n          <img decoding=\"async\" src=\"http:\/\/www.auapsi.edu.ar\/wp-content\/uploads\/2020\/04\/11.jpg\" alt=\"\"><\/a>\n <\/li>\n\t\t\t\t<li><a href=\"http:\/\/fapsi.unsl.edu.ar\/\" target=\"_blank\" rel=\"noopener noreferrer\">\n          <img decoding=\"async\" src=\"http:\/\/www.auapsi.edu.ar\/wp-content\/uploads\/2020\/04\/17.jpg\" alt=\"\"><\/a>\n <\/li>\n\t\t\t\t<li><a href=\"http:\/\/fapsi.unsl.edu.ar\/\" target=\"_blank\" rel=\"noopener noreferrer\">\n          <img decoding=\"async\" src=\"http:\/\/www.auapsi.edu.ar\/wp-content\/uploads\/2020\/04\/18.jpg\" alt=\"\"><\/a>\n <\/li>\n\t\t\t\t<li><a href=\"http:\/\/fapsi.unsl.edu.ar\/\" target=\"_blank\" rel=\"noopener noreferrer\">\n          <img decoding=\"async\" src=\"http:\/\/www.auapsi.edu.ar\/wp-content\/uploads\/2020\/04\/19.jpg\" alt=\"\"><\/a>\n <\/li>\n\t\t\t\t<li><a href=\"http:\/\/fapsi.unsl.edu.ar\/\" target=\"_blank\" rel=\"noopener noreferrer\">\n          <img decoding=\"async\" src=\"http:\/\/www.auapsi.edu.ar\/wp-content\/uploads\/2020\/04\/20.jpg\" alt=\"\"><\/a>\n <\/li>\n\t\t\t\t<li><a href=\"http:\/\/fapsi.unsl.edu.ar\/\" target=\"_blank\" rel=\"noopener noreferrer\">\n          <img decoding=\"async\" src=\"http:\/\/www.auapsi.edu.ar\/wp-content\/uploads\/2020\/04\/21.jpg\" alt=\"\"><\/a>\n <\/li>\n\t\t\t\t<li><a href=\"http:\/\/fapsi.unsl.edu.ar\/\" target=\"_blank\" rel=\"noopener noreferrer\">\n          <img decoding=\"async\" src=\"http:\/\/www.auapsi.edu.ar\/wp-content\/uploads\/2020\/04\/22.jpg\" alt=\"\"><\/a>\n <\/li>\n\t\t\t\t<li><a href=\"https:\/\/fpsico.unr.edu.ar\/\" target=\"_blank\" rel=\"noopener noreferrer\">\n          <img decoding=\"async\" src=\"http:\/\/www.auapsi.edu.ar\/wp-content\/uploads\/2020\/04\/23.jpg\" alt=\"\"><\/a>\n <\/li>\n\t\t\t\t<li><a href=\"https:\/\/fpsico.unr.edu.ar\/\" target=\"_blank\" rel=\"noopener noreferrer\">\n          <img decoding=\"async\" src=\"http:\/\/www.auapsi.edu.ar\/wp-content\/uploads\/2020\/04\/24.jpg\" alt=\"\"><\/a>\n <\/li>\n\t\t\t\t<li><a href=\"http:\/\/faceweb.uncoma.edu.ar\/2012\/index.php\" target=\"_blank\" rel=\"noopener noreferrer\">\n          <img decoding=\"async\" src=\"http:\/\/www.auapsi.edu.ar\/wp-content\/uploads\/2020\/04\/25.jpg\" alt=\"\"><\/a>\n <\/li>\n\t\t\t\t<li><a href=\"http:\/\/faceweb.uncoma.edu.ar\/2012\/index.php\" target=\"_blank\" rel=\"noopener noreferrer\">\n          <img decoding=\"async\" src=\"http:\/\/www.auapsi.edu.ar\/wp-content\/uploads\/2020\/04\/26.jpg\" alt=\"\"><\/a>\n <\/li>\n      \n\t\t\t<\/ul>\n\t\t<\/div>\n\n\n\n<div class=\"noslider\">\n\t\t\t<ul>\n\t\t\t\t<li><a href=\"http:\/\/www.mdp.edu.ar\/psicologia\" target=\"_blank\" rel=\"noopener noreferrer\">\n          <img decoding=\"async\" src=\"http:\/\/www.auapsi.edu.ar\/wp-content\/uploads\/2019\/10\/Logo-UNMDP.jpg\" alt=\"\"><\/a>\n <\/li>\n\t\t\t\t<li><a href=\"http:\/\/www.psicologia.unt.edu.ar\/\" target=\"_blank\" rel=\"noopener noreferrer\">\n          <img decoding=\"async\" src=\"http:\/\/www.auapsi.edu.ar\/wp-content\/uploads\/2019\/10\/Logo-UNT.jpg\" alt=\"\"><\/a>\n<\/li>\n\t\t\t\t<li><a href=\"http:\/\/www.psi.uba.ar\/\" target=\"_blank\" rel=\"noopener noreferrer\">\n  <img decoding=\"async\" src=\"http:\/\/www.auapsi.edu.ar\/wp-content\/uploads\/2019\/10\/Logo-UBA.jpg\" alt=\"\"><\/a>\n<\/li>\n\t\t\t\t<li><a href=\"https:\/\/psyche.unc.edu.ar\/\" target=\"_blank\" rel=\"noopener noreferrer\">\n  <img decoding=\"async\" src=\"http:\/\/www.auapsi.edu.ar\/wp-content\/uploads\/2019\/10\/Logo-UNC.jpg\" alt=\"\"><\/a>\n<\/li>\n \t\t\t\t<li><a href=\"http:\/\/www.psico.unlp.edu.ar\/\" target=\"_blank\" rel=\"noopener noreferrer\">\n  <img decoding=\"async\" src=\"http:\/\/www.auapsi.edu.ar\/wp-content\/uploads\/2019\/10\/Logo-UNLP.jpg\" alt=\"\"><\/a>\n<\/li>\n \t\t\t\t<li><a href=\"http:\/\/fapsi.unsl.edu.ar\/\" target=\"_blank\" rel=\"noopener noreferrer\">\n  <img decoding=\"async\" src=\"http:\/\/www.auapsi.edu.ar\/wp-content\/uploads\/2019\/10\/Logo-UNSL.jpg\" alt=\"\"><\/a>\n<\/li>\n \t\t\t\t<li><a href=\"https:\/\/fpsico.unr.edu.ar\/\" target=\"_blank\" rel=\"noopener noreferrer\">\n  <img decoding=\"async\" src=\"http:\/\/www.auapsi.edu.ar\/wp-content\/uploads\/2019\/10\/Logo-UNR.jpg\" alt=\"\"><\/a>\n<\/li>\n \t\t\t\t<li><a href=\"http:\/\/faceweb.uncoma.edu.ar\/\" target=\"_blank\" rel=\"noopener noreferrer\">\n  <img decoding=\"async\" src=\"http:\/\/www.auapsi.edu.ar\/wp-content\/uploads\/2019\/10\/Logo-Comahue.jpg\" alt=\"\"><\/a>\n<\/li>\n \t\t\t\t<li><a href=\"https:\/\/fhaycs-uader.edu.ar\/\" target=\"_blank\" rel=\"noopener noreferrer\">\n  <img decoding=\"async\" src=\"http:\/\/www.auapsi.edu.ar\/wp-content\/uploads\/2019\/10\/logo_uader-1.png\" alt=\"\"><\/a>\n<\/li>\n \t\t\t\t<li><a href=\"https:\/\/psico.edu.uy\/\" target=\"_blank\" rel=\"noopener noreferrer\">\n          <img decoding=\"async\" src=\"http:\/\/www.auapsi.edu.ar\/wp-content\/uploads\/2019\/10\/Logo-Uruguay.jpg\" alt=\"\"><\/a>\n<\/li>\n        \n\t\t\t<\/ul>\n\t\t<\/div>\n","protected":false},"excerpt":{"rendered":"","protected":false},"author":1,"featured_media":0,"parent":0,"menu_order":0,"comment_status":"closed","ping_status":"closed","template":"","meta":{"footnotes":""},"class_list":["post-213","page","type-page","status-publish","hentry"],"_links":{"self":[{"href":"https:\/\/www.auapsi.edu.ar\/index.php?rest_route=\/wp\/v2\/pages\/213","targetHints":{"allow":["GET"]}}],"collection":[{"href":"https:\/\/www.auapsi.edu.ar\/index.php?rest_route=\/wp\/v2\/pages"}],"about":[{"href":"https:\/\/www.auapsi.edu.ar\/index.php?rest_route=\/wp\/v2\/types\/page"}],"author":[{"embeddable":true,"href":"https:\/\/www.auapsi.edu.ar\/index.php?rest_route=\/wp\/v2\/users\/1"}],"replies":[{"embeddable":true,"href":"https:\/\/www.auapsi.edu.ar\/index.php?rest_route=%2Fwp%2Fv2%2Fcomments&post=213"}],"version-history":[{"count":5,"href":"https:\/\/www.auapsi.edu.ar\/index.php?rest_route=\/wp\/v2\/pages\/213\/revisions"}],"predecessor-version":[{"id":244,"href":"https:\/\/www.auapsi.edu.ar\/index.php?rest_route=\/wp\/v2\/pages\/213\/revisions\/244"}],"wp:attachment":[{"href":"https:\/\/www.auapsi.edu.ar\/index.php?rest_route=%2Fwp%2Fv2%2Fmedia&parent=213"}],"curies":[{"name":"wp","href":"https:\/\/api.w.org\/{rel}","templated":true}]}}